{"id":2151,"date":"2019-03-20T01:12:09","date_gmt":"2019-03-20T01:12:09","guid":{"rendered":"https:\/\/latinquartermusic.com\/?page_id=2151"},"modified":"2021-05-23T20:06:18","modified_gmt":"2021-05-23T19:06:18","slug":"james-swinson","status":"publish","type":"page","link":"https:\/\/www.latinquartermusic.com\/de\/medien\/james-swinson\/","title":{"rendered":"James Swinson"},"content":{"rendered":"\n<p>James Swinson ist f\u00fcr die meiste k\u00fcnstlerische Gestaltung von Latin Quarter&#8217;s fr\u00fcheren Alben und die meisten Fotos der Band verantwortlich (ver\u00f6ffentlicht durch Zero One Productions, deren Mitbegr\u00fcnder er war). Seine k\u00fcnstlerische Gestaltung machte die Latin Quarter Alben und Singles sofort erkennbar. Er fing den Geist der Latin Quarter Songs ein und half mit, ihnen eine zeitlose Qualit\u00e4t zu geben. Er produzierte ebenfalls die Latin Quarter Musikvideos &#8222;Toulouse&#8220; und &#8222;Swimming Against The Stream&#8220;.<\/p>\n\n\n\n<div class=\"wp-block-envira-envira-gallery\"><div id=\"envira-gallery-wrap-9238\" class=\"envira-gallery-wrap envira-gallery-theme-base envira-lightbox-theme-base\" itemscope itemtype=\"https:\/\/schema.org\/ImageGallery\"><div data-row-height=\"150\" data-gallery-theme=\"normal\" id=\"envira-gallery-9238\" class=\"envira-gallery-public envira-gallery-justified-public envira-gallery-0-columns envira-clear enviratope envira-gallery-css-animations\" data-envira-columns=\"0\"><div id=\"envira-gallery-item-9802\" class=\"envira-gallery-item enviratope-item envira-gallery-item-1 envira-lazy-load\" style=\"padding-left: 5px; padding-bottom: 10px; padding-right: 5px;\"  itemscope itemtype=\"https:\/\/schema.org\/ImageObject\"><div class=\"envira-gallery-item-inner\"><div class=\"envira-gallery-position-overlay  envira-gallery-top-left\"><\/div><div class=\"envira-gallery-position-overlay  envira-gallery-top-right\"><\/div><div class=\"envira-gallery-position-overlay  envira-gallery-bottom-left\"><\/div><div class=\"envira-gallery-position-overlay  envira-gallery-bottom-right\"><\/div><a href=\"https:\/\/www.latinquartermusic.com\/assets\/images\/latin-quarter-staircase-1985.webp\" class=\"envira-gallery-9238 envira-gallery-link\" rel=\"enviragallery9238\" title=\"Latin Quarter staircase promo photo\" data-envira-caption=\"Latin Quarter staircase promo photo\" data-envira-retina=\"\" data-thumbnail=\"\"  itemprop=\"contentUrl\"><img decoding=\"async\" id=\"envira-gallery-image-9802\" class=\"envira-gallery-image envira-gallery-image-1 envira-normal envira-lazy\" data-envira-index=\"1\" src=\"https:\/\/www.latinquartermusic.com\/assets\/images\/latin-quarter-staircase-1985-640x480.webp\" data-envira-src=\"https:\/\/www.latinquartermusic.com\/assets\/images\/latin-quarter-staircase-1985-640x480.webp\" data-envira-gallery-id=\"9238\" data-envira-item-id=\"9802\" data-envira-caption=\"Latin Quarter staircase promo photo\" alt=\"Latin Quarter staircase promo photo\" title=\"Latin Quarter staircase promo photo\"  itemprop=\"thumbnailUrl\" data-envira-srcset=\"https:\/\/www.latinquartermusic.com\/assets\/images\/latin-quarter-staircase-1985-640x480.webp 400w,https:\/\/www.latinquartermusic.com\/assets\/images\/latin-quarter-staircase-1985-640x480.webp 2x\" data-envira-width=\"801\" data-envira-height=\"1108\" srcset=\"data:image\/gif;base64,R0lGODlhAQABAIAAAP\/\/\/\/\/\/\/yH5BAEKAAEALAAAAAABAAEAAAICTAEAOw==\" data-safe-src=\"data:image\/gif;base64,R0lGODlhAQABAIAAAP\/\/\/\/\/\/\/yH5BAEKAAEALAAAAAABAAEAAAICTAEAOw==\" \/><\/a><\/div><\/div><div id=\"envira-gallery-item-9240\" class=\"envira-gallery-item enviratope-item envira-gallery-item-2 envira-lazy-load\" style=\"padding-left: 5px; padding-bottom: 10px; padding-right: 5px;\"  itemscope itemtype=\"https:\/\/schema.org\/ImageObject\"><div class=\"envira-gallery-item-inner\"><div class=\"envira-gallery-position-overlay  envira-gallery-top-left\"><\/div><div class=\"envira-gallery-position-overlay  envira-gallery-top-right\"><\/div><div class=\"envira-gallery-position-overlay  envira-gallery-bottom-left\"><\/div><div class=\"envira-gallery-position-overlay  envira-gallery-bottom-right\"><\/div><a href=\"https:\/\/www.latinquartermusic.com\/assets\/images\/james-swinson-no-rope-as-long-as-time.webp\" class=\"envira-gallery-9238 envira-gallery-link\" rel=\"enviragallery9238\" title=\"James Swinson - No Rope As Long As Time\" data-envira-caption=\"James Swinson - No Rope As Long As Time\" data-envira-retina=\"\" data-thumbnail=\"\"  itemprop=\"contentUrl\"><img decoding=\"async\" id=\"envira-gallery-image-9240\" class=\"envira-gallery-image envira-gallery-image-2 envira-normal envira-lazy\" data-envira-index=\"2\" src=\"https:\/\/www.latinquartermusic.com\/assets\/images\/james-swinson-no-rope-as-long-as-time-1536x1092-640x480.webp\" data-envira-src=\"https:\/\/www.latinquartermusic.com\/assets\/images\/james-swinson-no-rope-as-long-as-time-1536x1092-640x480.webp\" data-envira-gallery-id=\"9238\" data-envira-item-id=\"9240\" data-envira-caption=\"James Swinson - No Rope As Long As Time\" alt=\"James Swinson - No Rope As Long As Time - Latin Quarter\" title=\"James Swinson - No Rope As Long As Time\"  itemprop=\"thumbnailUrl\" data-envira-srcset=\"https:\/\/www.latinquartermusic.com\/assets\/images\/james-swinson-no-rope-as-long-as-time-1536x1092-640x480.webp 400w,https:\/\/www.latinquartermusic.com\/assets\/images\/james-swinson-no-rope-as-long-as-time-1536x1092-640x480.webp 2x\" data-envira-width=\"400\" data-envira-height=\"284\" srcset=\"data:image\/gif;base64,R0lGODlhAQABAIAAAP\/\/\/\/\/\/\/yH5BAEKAAEALAAAAAABAAEAAAICTAEAOw==\" data-safe-src=\"data:image\/gif;base64,R0lGODlhAQABAIAAAP\/\/\/\/\/\/\/yH5BAEKAAEALAAAAAABAAEAAAICTAEAOw==\" \/><\/a><\/div><\/div><div id=\"envira-gallery-item-9278\" class=\"envira-gallery-item enviratope-item envira-gallery-item-3 envira-lazy-load\" style=\"padding-left: 5px; padding-bottom: 10px; padding-right: 5px;\"  itemscope itemtype=\"https:\/\/schema.org\/ImageObject\"><div class=\"envira-gallery-item-inner\"><div class=\"envira-gallery-position-overlay  envira-gallery-top-left\"><\/div><div class=\"envira-gallery-position-overlay  envira-gallery-top-right\"><\/div><div class=\"envira-gallery-position-overlay  envira-gallery-bottom-left\"><\/div><div class=\"envira-gallery-position-overlay  envira-gallery-bottom-right\"><\/div><a href=\"https:\/\/www.latinquartermusic.com\/assets\/images\/james-swinson-latin-quarter-autograph.webp\" class=\"envira-gallery-9238 envira-gallery-link\" rel=\"enviragallery9238\" title=\"Latin Quarter by James Swinson\" data-envira-caption=\"Latin Quarter by James Swinson\" data-envira-retina=\"\" data-thumbnail=\"\"  itemprop=\"contentUrl\"><img decoding=\"async\" id=\"envira-gallery-image-9278\" class=\"envira-gallery-image envira-gallery-image-3 envira-normal envira-lazy\" data-envira-index=\"3\" src=\"https:\/\/www.latinquartermusic.com\/assets\/images\/james-swinson-latin-quarter-autograph-1536x1076-640x480.webp\" data-envira-src=\"https:\/\/www.latinquartermusic.com\/assets\/images\/james-swinson-latin-quarter-autograph-1536x1076-640x480.webp\" data-envira-gallery-id=\"9238\" data-envira-item-id=\"9278\" data-envira-caption=\"Latin Quarter by James Swinson\" alt=\"Latin Quarter by James Swinson\" title=\"Latin Quarter by James Swinson\"  itemprop=\"thumbnailUrl\" data-envira-srcset=\"https:\/\/www.latinquartermusic.com\/assets\/images\/james-swinson-latin-quarter-autograph-1536x1076-640x480.webp 400w,https:\/\/www.latinquartermusic.com\/assets\/images\/james-swinson-latin-quarter-autograph-1536x1076-640x480.webp 2x\" data-envira-width=\"1600\" data-envira-height=\"1121\" srcset=\"data:image\/gif;base64,R0lGODlhAQABAIAAAP\/\/\/\/\/\/\/yH5BAEKAAEALAAAAAABAAEAAAICTAEAOw==\" data-safe-src=\"data:image\/gif;base64,R0lGODlhAQABAIAAAP\/\/\/\/\/\/\/yH5BAEKAAEALAAAAAABAAEAAAICTAEAOw==\" \/><\/a><\/div><\/div><div id=\"envira-gallery-item-9236\" class=\"envira-gallery-item enviratope-item envira-gallery-item-4 envira-lazy-load\" style=\"padding-left: 5px; padding-bottom: 10px; padding-right: 5px;\"  itemscope itemtype=\"https:\/\/schema.org\/ImageObject\"><div class=\"envira-gallery-item-inner\"><div class=\"envira-gallery-position-overlay  envira-gallery-top-left\"><\/div><div class=\"envira-gallery-position-overlay  envira-gallery-top-right\"><\/div><div class=\"envira-gallery-position-overlay  envira-gallery-bottom-left\"><\/div><div class=\"envira-gallery-position-overlay  envira-gallery-bottom-right\"><\/div><a href=\"https:\/\/www.latinquartermusic.com\/assets\/images\/james-swinson-mick-caroline-inner-sleeve.webp\" class=\"envira-gallery-9238 envira-gallery-link\" rel=\"enviragallery9238\" title=\"James Swinson - Latin Quarter Mick &amp;amp; Caroline inner sleeve\" data-envira-caption=\"James Swinson - Latin Quarter Mick &amp;amp; Caroline inner sleeve\" data-envira-retina=\"\" data-thumbnail=\"\"  itemprop=\"contentUrl\"><img decoding=\"async\" id=\"envira-gallery-image-9236\" class=\"envira-gallery-image envira-gallery-image-4 envira-normal envira-lazy\" data-envira-index=\"4\" src=\"https:\/\/www.latinquartermusic.com\/assets\/images\/james-swinson-mick-caroline-inner-sleeve-640x480.webp\" data-envira-src=\"https:\/\/www.latinquartermusic.com\/assets\/images\/james-swinson-mick-caroline-inner-sleeve-640x480.webp\" data-envira-gallery-id=\"9238\" data-envira-item-id=\"9236\" data-envira-caption=\"James Swinson - Latin Quarter Mick &amp;amp; Caroline inner sleeve\" alt=\"James Swinson - Latin Quarter Mick &amp; Caroline inner sleeve\" title=\"James Swinson - Latin Quarter Mick &amp; Caroline inner sleeve\"  itemprop=\"thumbnailUrl\" data-envira-srcset=\"https:\/\/www.latinquartermusic.com\/assets\/images\/james-swinson-mick-caroline-inner-sleeve-640x480.webp 400w,https:\/\/www.latinquartermusic.com\/assets\/images\/james-swinson-mick-caroline-inner-sleeve-640x480.webp 2x\" data-envira-width=\"677\" data-envira-height=\"821\" srcset=\"data:image\/gif;base64,R0lGODlhAQABAIAAAP\/\/\/\/\/\/\/yH5BAEKAAEALAAAAAABAAEAAAICTAEAOw==\" data-safe-src=\"data:image\/gif;base64,R0lGODlhAQABAIAAAP\/\/\/\/\/\/\/yH5BAEKAAEALAAAAAABAAEAAAICTAEAOw==\" \/><\/a><\/div><\/div><div id=\"envira-gallery-item-9234\" class=\"envira-gallery-item enviratope-item envira-gallery-item-5 envira-lazy-load\" style=\"padding-left: 5px; padding-bottom: 10px; padding-right: 5px;\"  itemscope itemtype=\"https:\/\/schema.org\/ImageObject\"><div class=\"envira-gallery-item-inner\"><div class=\"envira-gallery-position-overlay  envira-gallery-top-left\"><\/div><div class=\"envira-gallery-position-overlay  envira-gallery-top-right\"><\/div><div class=\"envira-gallery-position-overlay  envira-gallery-bottom-left\"><\/div><div class=\"envira-gallery-position-overlay  envira-gallery-bottom-right\"><\/div><a href=\"https:\/\/www.latinquartermusic.com\/assets\/images\/james-swinson-steve-skaith.webp\" class=\"envira-gallery-9238 envira-gallery-link\" rel=\"enviragallery9238\" title=\"James Swinson - Steve Skaith\" data-envira-caption=\"James Swinson - Steve Skaith\" data-envira-retina=\"\" data-thumbnail=\"\"  itemprop=\"contentUrl\"><img decoding=\"async\" id=\"envira-gallery-image-9234\" class=\"envira-gallery-image envira-gallery-image-5 envira-normal envira-lazy\" data-envira-index=\"5\" src=\"https:\/\/www.latinquartermusic.com\/assets\/images\/james-swinson-steve-skaith-640x480.webp\" data-envira-src=\"https:\/\/www.latinquartermusic.com\/assets\/images\/james-swinson-steve-skaith-640x480.webp\" data-envira-gallery-id=\"9238\" data-envira-item-id=\"9234\" data-envira-caption=\"James Swinson - Steve Skaith\" alt=\"James Swinson - Steve Skaith\" title=\"James Swinson - Steve Skaith\"  itemprop=\"thumbnailUrl\" data-envira-srcset=\"https:\/\/www.latinquartermusic.com\/assets\/images\/james-swinson-steve-skaith-640x480.webp 400w,https:\/\/www.latinquartermusic.com\/assets\/images\/james-swinson-steve-skaith-640x480.webp 2x\" data-envira-width=\"468\" data-envira-height=\"678\" srcset=\"data:image\/gif;base64,R0lGODlhAQABAIAAAP\/\/\/\/\/\/\/yH5BAEKAAEALAAAAAABAAEAAAICTAEAOw==\" data-safe-src=\"data:image\/gif;base64,R0lGODlhAQABAIAAAP\/\/\/\/\/\/\/yH5BAEKAAEALAAAAAABAAEAAAICTAEAOw==\" \/><\/a><\/div><\/div><div id=\"envira-gallery-item-9787\" class=\"envira-gallery-item enviratope-item envira-gallery-item-6 envira-lazy-load\" style=\"padding-left: 5px; padding-bottom: 10px; padding-right: 5px;\"  itemscope itemtype=\"https:\/\/schema.org\/ImageObject\"><div class=\"envira-gallery-item-inner\"><div class=\"envira-gallery-position-overlay  envira-gallery-top-left\"><\/div><div class=\"envira-gallery-position-overlay  envira-gallery-top-right\"><\/div><div class=\"envira-gallery-position-overlay  envira-gallery-bottom-left\"><\/div><div class=\"envira-gallery-position-overlay  envira-gallery-bottom-right\"><\/div><a href=\"https:\/\/www.latinquartermusic.com\/assets\/images\/latin-quarter-band-promo-1987.webp\" class=\"envira-gallery-9238 envira-gallery-link\" rel=\"enviragallery9238\" title=\"Latin Quarter 1987\" data-envira-caption=\"Latin Quarter 1987\" data-envira-retina=\"\" data-thumbnail=\"\"  itemprop=\"contentUrl\"><img decoding=\"async\" id=\"envira-gallery-image-9787\" class=\"envira-gallery-image envira-gallery-image-6 envira-normal envira-lazy\" data-envira-index=\"6\" src=\"https:\/\/www.latinquartermusic.com\/assets\/images\/latin-quarter-band-promo-1987-640x480.webp\" data-envira-src=\"https:\/\/www.latinquartermusic.com\/assets\/images\/latin-quarter-band-promo-1987-640x480.webp\" data-envira-gallery-id=\"9238\" data-envira-item-id=\"9787\" data-envira-caption=\"Latin Quarter 1987\" alt=\"Latin Quarter 1987\" title=\"Latin Quarter 1987\"  itemprop=\"thumbnailUrl\" data-envira-srcset=\"https:\/\/www.latinquartermusic.com\/assets\/images\/latin-quarter-band-promo-1987-640x480.webp 400w,https:\/\/www.latinquartermusic.com\/assets\/images\/latin-quarter-band-promo-1987-640x480.webp 2x\" data-envira-width=\"1200\" data-envira-height=\"951\" srcset=\"data:image\/gif;base64,R0lGODlhAQABAIAAAP\/\/\/\/\/\/\/yH5BAEKAAEALAAAAAABAAEAAAICTAEAOw==\" data-safe-src=\"data:image\/gif;base64,R0lGODlhAQABAIAAAP\/\/\/\/\/\/\/yH5BAEKAAEALAAAAAABAAEAAAICTAEAOw==\" \/><\/a><\/div><\/div><\/div><\/div><noscript><img decoding=\"async\" src=\"https:\/\/www.latinquartermusic.com\/assets\/images\/latin-quarter-staircase-1985.webp\" alt=\"Latin Quarter staircase promo photo\" title=\"\"><img decoding=\"async\" src=\"https:\/\/www.latinquartermusic.com\/assets\/images\/james-swinson-no-rope-as-long-as-time.webp\" alt=\"James Swinson - No Rope As Long As Time - Latin Quarter\" title=\"\"><img decoding=\"async\" src=\"https:\/\/www.latinquartermusic.com\/assets\/images\/james-swinson-latin-quarter-autograph.webp\" alt=\"Latin Quarter by James Swinson\" title=\"\"><img decoding=\"async\" src=\"https:\/\/www.latinquartermusic.com\/assets\/images\/james-swinson-mick-caroline-inner-sleeve.webp\" alt=\"James Swinson - Latin Quarter Mick &amp; Caroline inner sleeve\" title=\"\"><img decoding=\"async\" src=\"https:\/\/www.latinquartermusic.com\/assets\/images\/james-swinson-steve-skaith.webp\" alt=\"James Swinson - Steve Skaith\" title=\"\"><img decoding=\"async\" src=\"https:\/\/www.latinquartermusic.com\/assets\/images\/latin-quarter-band-promo-1987.webp\" alt=\"Latin Quarter 1987\" title=\"\"><\/noscript><\/div>\n\n\n\n<p>Fotos \u00a9 James Swinson<\/p>\n","protected":false},"excerpt":{"rendered":"<p>James Swinson ist f\u00fcr die meiste k\u00fcnstlerische Gestaltung von Latin Quarter&#8217;s fr\u00fcheren Alben und die meisten Fotos der Band verantwortlich (ver\u00f6ffentlicht durch Zero One Productions, deren Mitbegr\u00fcnder er war). Seine k\u00fcnstlerische Gestaltung machte die Latin Quarter Alben und Singles sofort erkennbar. Er fing den Geist der Latin Quarter Songs ein und half mit, ihnen eine [&hellip;]<\/p>\n","protected":false},"author":1,"featured_media":0,"parent":3779,"menu_order":0,"comment_status":"closed","ping_status":"closed","template":"","meta":{"_acf_changed":false,"_swt_meta_header_display":false,"_swt_meta_footer_display":false,"_swt_meta_site_title_display":false,"_swt_meta_sticky_header":false,"_swt_meta_transparent_header":false,"footnotes":""},"class_list":["post-2151","page","type-page","status-publish","hentry"],"acf":[],"_links":{"self":[{"href":"https:\/\/www.latinquartermusic.com\/de\/wp-json\/wp\/v2\/pages\/2151","targetHints":{"allow":["GET"]}}],"collection":[{"href":"https:\/\/www.latinquartermusic.com\/de\/wp-json\/wp\/v2\/pages"}],"about":[{"href":"https:\/\/www.latinquartermusic.com\/de\/wp-json\/wp\/v2\/types\/page"}],"author":[{"embeddable":true,"href":"https:\/\/www.latinquartermusic.com\/de\/wp-json\/wp\/v2\/users\/1"}],"replies":[{"embeddable":true,"href":"https:\/\/www.latinquartermusic.com\/de\/wp-json\/wp\/v2\/comments?post=2151"}],"version-history":[{"count":0,"href":"https:\/\/www.latinquartermusic.com\/de\/wp-json\/wp\/v2\/pages\/2151\/revisions"}],"up":[{"embeddable":true,"href":"https:\/\/www.latinquartermusic.com\/de\/wp-json\/wp\/v2\/pages\/3779"}],"wp:attachment":[{"href":"https:\/\/www.latinquartermusic.com\/de\/wp-json\/wp\/v2\/media?parent=2151"}],"curies":[{"name":"wp","href":"https:\/\/api.w.org\/{rel}","templated":true}]}}